{"id":2013,"date":"2021-02-05T11:34:25","date_gmt":"2021-02-05T10:34:25","guid":{"rendered":"https:\/\/envatech.net\/mentions-legales\/"},"modified":"2021-02-05T11:34:26","modified_gmt":"2021-02-05T10:34:26","slug":"mentions-legales","status":"publish","type":"page","link":"https:\/\/envatech.net\/fr\/mentions-legales\/","title":{"rendered":"Mentions l\u00e9gales"},"content":{"rendered":"&#13;\n<h2 class=\"wp-block-heading\">Qui sommes nous<\/h2>&#13;\n&#13;\n<p>L&#8217;adresse de notre site Web est: https:\/\/envatech.net.<\/p>&#13;\n&#13;\n<h2 class=\"wp-block-heading\">Quelles donn\u00e9es personnelles nous collectons et pourquoi nous les collectons<\/h2>&#13;\n&#13;\n<h3 class=\"wp-block-heading\">Commentaires<\/h3>&#13;\n&#13;\n<p>Lorsque les visiteurs laissent des commentaires sur le Web, nous collectons les donn\u00e9es affich\u00e9es dans le formulaire de commentaire, ainsi que l&#8217;adresse IP du visiteur et la cha\u00eene de l&#8217;agent utilisateur du navigateur pour aider \u00e0 d\u00e9tecter le spam.<\/p>&#13;\n&#13;\n<p>Une cha\u00eene anonyme cr\u00e9\u00e9e \u00e0 partir de votre adresse e-mail (\u00e9galement appel\u00e9e hachage) peut \u00eatre fournie au service Gravatar pour voir si vous l&#8217;utilisez. La politique de confidentialit\u00e9 du service Gravatar est disponible ici: https:\/\/automattic.com\/privacy\/. Apr\u00e8s approbation de votre commentaire, l&#8217;image de votre profil est visible par le public dans le contexte de votre commentaire.<\/p>&#13;\n&#13;\n<h3 class=\"wp-block-heading\">M\u00e9dias<\/h3>&#13;\n&#13;\n<p>Si vous t\u00e9l\u00e9chargez des images sur le Web, \u00e9vitez de t\u00e9l\u00e9charger des images avec des donn\u00e9es de localisation (EXIF GPS) incluses. Les visiteurs du Web peuvent t\u00e9l\u00e9charger et extraire toutes les donn\u00e9es de localisation \u00e0 partir d&#8217;images sur le Web.<\/p>&#13;\n&#13;\n<h3 class=\"wp-block-heading\">Formulaires de contact<\/h3>&#13;\n&#13;\n<h3 class=\"wp-block-heading\">Cookies<\/h3>&#13;\n&#13;\n<p>Si vous laissez un commentaire sur notre site, vous pouvez choisir d&#8217;enregistrer votre nom, votre adresse e-mail et votre site Web dans des cookies. C&#8217;est pour votre commodit\u00e9, vous n&#8217;avez donc pas \u00e0 remplir \u00e0 nouveau vos coordonn\u00e9es lorsque vous laissez un autre commentaire. Ces cookies dureront un an.<\/p>&#13;\n&#13;\n<p>Si vous avez un compte et que vous vous connectez \u00e0 ce site, nous installerons un cookie temporaire pour d\u00e9terminer si votre navigateur accepte les cookies. Ce cookie ne contient pas de donn\u00e9es personnelles et est supprim\u00e9 lorsque le navigateur est ferm\u00e9.<\/p>&#13;\n&#13;\n<p>Lorsque vous vous connectez, nous installerons \u00e9galement plusieurs cookies pour enregistrer vos informations d&#8217;acc\u00e8s et vos options d&#8217;affichage \u00e0 l&#8217;\u00e9cran. Les cookies d&#8217;acc\u00e8s durent deux jours et les cookies d&#8217;options d&#8217;\u00e9cran durent un an. Si vous s\u00e9lectionnez &#8220;Se souvenir de moi&#8221;, votre acc\u00e8s durera deux semaines. Si vous vous d\u00e9connectez de votre compte, les cookies d&#8217;acc\u00e8s seront supprim\u00e9s.<\/p>&#13;\n&#13;\n<p>Si vous modifiez ou publiez un article, un cookie suppl\u00e9mentaire sera enregistr\u00e9 dans votre navigateur. Ce cookie n&#8217;inclut pas de donn\u00e9es personnelles et indique simplement l&#8217;ID de l&#8217;article que vous venez de modifier. Il expire apr\u00e8s 1 jour.<\/p>&#13;\n&#13;\n<h3 class=\"wp-block-heading\">Contenu int\u00e9gr\u00e9 d&#8217;autres sites Web<\/h3>&#13;\n&#13;\n<p>Les articles de ce site peuvent inclure du contenu int\u00e9gr\u00e9 (par exemple, des vid\u00e9os, des images, des articles, etc.). Le contenu int\u00e9gr\u00e9 d&#8217;autres sites Web se comporte exactement de la m\u00eame mani\u00e8re que si le visiteur avait visit\u00e9 l&#8217;autre site Web.<\/p>&#13;\n&#13;\n<p>Ces sites Web peuvent collecter des donn\u00e9es \u00e0 votre sujet, utiliser des cookies, int\u00e9grer un suivi tiers suppl\u00e9mentaire et surveiller votre interaction avec ce contenu int\u00e9gr\u00e9, y compris le suivi de votre interaction avec le contenu int\u00e9gr\u00e9 si vous avez un compte et \u00eates connect\u00e9 \u00e0 ce site Web.<\/p>&#13;\n&#13;\n<h3 class=\"wp-block-heading\">Analytique<\/h3>&#13;\n&#13;\n<h2 class=\"wp-block-heading\">Avec qui partageons-nous vos donn\u00e9es<\/h2>&#13;\n&#13;\n<h2 class=\"wp-block-heading\">Combien de temps nous conservons vos donn\u00e9es<\/h2>&#13;\n&#13;\n<p>Si vous laissez un commentaire, le commentaire et ses m\u00e9tadonn\u00e9es sont conserv\u00e9s ind\u00e9finiment. Ceci afin que nous puissions reconna\u00eetre et approuver automatiquement les commentaires suivants, au lieu de les conserver dans une file d&#8217;attente de mod\u00e9ration.<\/p>&#13;\n&#13;\n<p>Parmi les utilisateurs qui s&#8217;inscrivent sur notre site Web (le cas \u00e9ch\u00e9ant), nous stockons \u00e9galement les informations personnelles qu&#8217;ils fournissent dans leur profil d&#8217;utilisateur. Tous les utilisateurs peuvent voir, modifier ou supprimer leurs informations personnelles \u00e0 tout moment (sauf qu&#8217;ils ne peuvent pas changer leur nom d&#8217;utilisateur). Les administrateurs du site Web peuvent \u00e9galement afficher et modifier ces informations.<\/p>&#13;\n&#13;\n<h2 class=\"wp-block-heading\">Quels droits avez-vous sur vos donn\u00e9es<\/h2>&#13;\n&#13;\n<p>Si vous avez un compte ou avez laiss\u00e9 des commentaires sur ce site Web, vous pouvez demander \u00e0 recevoir un fichier d&#8217;exportation des donn\u00e9es personnelles que nous d\u00e9tenons sur vous, y compris les donn\u00e9es que vous nous avez fournies. Vous pouvez \u00e9galement demander que nous supprimions toutes les donn\u00e9es personnelles que nous d\u00e9tenons \u00e0 votre sujet. Cela n&#8217;inclut pas les donn\u00e9es que nous sommes tenus de conserver \u00e0 des fins administratives, juridiques ou de s\u00e9curit\u00e9.<\/p>&#13;\n&#13;\n<h2 class=\"wp-block-heading\">O\u00f9 nous envoyons vos donn\u00e9es<\/h2>&#13;\n&#13;\n<p>Les commentaires des visiteurs peuvent \u00eatre v\u00e9rifi\u00e9s par un service automatis\u00e9 de d\u00e9tection de spam.<\/p>&#13;\n&#13;\n<h2 class=\"wp-block-heading\">Vos coordonn\u00e9es<\/h2>&#13;\n&#13;\n<h2 class=\"wp-block-heading\">Information compl\u00e9mentaire<\/h2>&#13;\n&#13;\n<h3 class=\"wp-block-heading\">Comment nous prot\u00e9geons vos donn\u00e9es<\/h3>&#13;\n&#13;\n<h3 class=\"wp-block-heading\">Quelles proc\u00e9dures utilisons-nous contre les violations de donn\u00e9es<\/h3>&#13;\n&#13;\n<h3 class=\"wp-block-heading\">De quels tiers nous recevons des donn\u00e9es<\/h3>&#13;\n&#13;\n<h3 class=\"wp-block-heading\">Quel type de prise de d\u00e9cision automatis\u00e9e et \/ ou de profilage que nous faisons avec les donn\u00e9es des utilisateurs<\/h3>&#13;\n&#13;\n<h3 class=\"wp-block-heading\">Exigences r\u00e9glementaires relatives \u00e0 la divulgation d&#8217;informations sectorielles<\/h3>&#13;\n","protected":false},"excerpt":{"rendered":"<p>&#13; Qui sommes nous &#13; &#13; L&#8217;adresse de notre site Web est: https:\/\/envatech.net. &#13; &#13; Quelles donn\u00e9es personnelles nous collectons et pourquoi nous les collectons &#13; &#13; Commentaires &#13; &#13; Lorsque les visiteurs laissent des commentaires sur le Web, nous collectons les donn\u00e9es affich\u00e9es dans le formulaire de commentaire, ainsi que l&#8217;adresse IP du visiteur [&hellip;]<\/p>\n","protected":false},"author":1,"featured_media":0,"parent":0,"menu_order":0,"comment_status":"closed","ping_status":"closed","template":"","meta":{"footnotes":""},"yoast_head":"<!-- This site is optimized with the Yoast SEO plugin v21.3 - https:\/\/yoast.com\/wordpress\/plugins\/seo\/ -->\n<title>Mentions l\u00e9gales - Envatech<\/title>\n<meta name=\"description\" content=\"Dise\u00f1amos y producimos particiones para oficinas y espacios comerciales. Creemos en el dise\u00f1o, la tecnolog\u00eda y la innovaci\u00f3n.\" \/>\n<meta name=\"robots\" content=\"index, follow, max-snippet:-1, max-image-preview:large, max-video-preview:-1\" \/>\n<link rel=\"canonical\" href=\"https:\/\/envatech.net\/fr\/mentions-legales\/\" \/>\n<meta property=\"og:locale\" content=\"fr_FR\" \/>\n<meta property=\"og:type\" content=\"article\" \/>\n<meta property=\"og:title\" content=\"Mentions l\u00e9gales - Envatech\" \/>\n<meta property=\"og:description\" content=\"Dise\u00f1amos y producimos particiones para oficinas y espacios comerciales. Creemos en el dise\u00f1o, la tecnolog\u00eda y la innovaci\u00f3n.\" \/>\n<meta property=\"og:url\" content=\"https:\/\/envatech.net\/fr\/mentions-legales\/\" \/>\n<meta property=\"og:site_name\" content=\"Envatech\" \/>\n<meta property=\"article:modified_time\" content=\"2021-02-05T10:34:26+00:00\" \/>\n<meta name=\"twitter:card\" content=\"summary_large_image\" \/>\n<meta name=\"twitter:label1\" content=\"Dur\u00e9e de lecture estim\u00e9e\" \/>\n\t<meta name=\"twitter:data1\" content=\"4 minutes\" \/>\n<!-- \/ Yoast SEO plugin. -->","yoast_head_json":{"title":"Mentions l\u00e9gales - Envatech","description":"Dise\u00f1amos y producimos particiones para oficinas y espacios comerciales. Creemos en el dise\u00f1o, la tecnolog\u00eda y la innovaci\u00f3n.","robots":{"index":"index","follow":"follow","max-snippet":"max-snippet:-1","max-image-preview":"max-image-preview:large","max-video-preview":"max-video-preview:-1"},"canonical":"https:\/\/envatech.net\/fr\/mentions-legales\/","og_locale":"fr_FR","og_type":"article","og_title":"Mentions l\u00e9gales - Envatech","og_description":"Dise\u00f1amos y producimos particiones para oficinas y espacios comerciales. Creemos en el dise\u00f1o, la tecnolog\u00eda y la innovaci\u00f3n.","og_url":"https:\/\/envatech.net\/fr\/mentions-legales\/","og_site_name":"Envatech","article_modified_time":"2021-02-05T10:34:26+00:00","twitter_card":"summary_large_image","twitter_misc":{"Dur\u00e9e de lecture estim\u00e9e":"4 minutes"},"schema":{"@context":"https:\/\/schema.org","@graph":[{"@type":"WebPage","@id":"https:\/\/envatech.net\/fr\/mentions-legales\/","url":"https:\/\/envatech.net\/fr\/mentions-legales\/","name":"Mentions l\u00e9gales - Envatech","isPartOf":{"@id":"https:\/\/envatech.net\/fr\/#website"},"datePublished":"2021-02-05T10:34:25+00:00","dateModified":"2021-02-05T10:34:26+00:00","description":"Dise\u00f1amos y producimos particiones para oficinas y espacios comerciales. Creemos en el dise\u00f1o, la tecnolog\u00eda y la innovaci\u00f3n.","breadcrumb":{"@id":"https:\/\/envatech.net\/fr\/mentions-legales\/#breadcrumb"},"inLanguage":"fr-FR","potentialAction":[{"@type":"ReadAction","target":["https:\/\/envatech.net\/fr\/mentions-legales\/"]}]},{"@type":"BreadcrumbList","@id":"https:\/\/envatech.net\/fr\/mentions-legales\/#breadcrumb","itemListElement":[{"@type":"ListItem","position":1,"name":"Portada","item":"https:\/\/envatech.net\/fr\/"},{"@type":"ListItem","position":2,"name":"Mentions l\u00e9gales"}]},{"@type":"WebSite","@id":"https:\/\/envatech.net\/fr\/#website","url":"https:\/\/envatech.net\/fr\/","name":"Envatech","description":"Designt&amp;Technology","publisher":{"@id":"https:\/\/envatech.net\/fr\/#organization"},"potentialAction":[{"@type":"SearchAction","target":{"@type":"EntryPoint","urlTemplate":"https:\/\/envatech.net\/fr\/?s={search_term_string}"},"query-input":"required name=search_term_string"}],"inLanguage":"fr-FR"},{"@type":"Organization","@id":"https:\/\/envatech.net\/fr\/#organization","name":"Envatech","url":"https:\/\/envatech.net\/fr\/","logo":{"@type":"ImageObject","inLanguage":"fr-FR","@id":"https:\/\/envatech.net\/fr\/#\/schema\/logo\/image\/","url":"https:\/\/envatech.net\/wp-content\/uploads\/2020\/10\/logo-envatech-dark-hd.png","contentUrl":"https:\/\/envatech.net\/wp-content\/uploads\/2020\/10\/logo-envatech-dark-hd.png","width":800,"height":200,"caption":"Envatech"},"image":{"@id":"https:\/\/envatech.net\/fr\/#\/schema\/logo\/image\/"}}]}},"_links":{"self":[{"href":"https:\/\/envatech.net\/fr\/wp-json\/wp\/v2\/pages\/2013"}],"collection":[{"href":"https:\/\/envatech.net\/fr\/wp-json\/wp\/v2\/pages"}],"about":[{"href":"https:\/\/envatech.net\/fr\/wp-json\/wp\/v2\/types\/page"}],"author":[{"embeddable":true,"href":"https:\/\/envatech.net\/fr\/wp-json\/wp\/v2\/users\/1"}],"replies":[{"embeddable":true,"href":"https:\/\/envatech.net\/fr\/wp-json\/wp\/v2\/comments?post=2013"}],"version-history":[{"count":1,"href":"https:\/\/envatech.net\/fr\/wp-json\/wp\/v2\/pages\/2013\/revisions"}],"predecessor-version":[{"id":2014,"href":"https:\/\/envatech.net\/fr\/wp-json\/wp\/v2\/pages\/2013\/revisions\/2014"}],"wp:attachment":[{"href":"https:\/\/envatech.net\/fr\/wp-json\/wp\/v2\/media?parent=2013"}],"curies":[{"name":"wp","href":"https:\/\/api.w.org\/{rel}","templated":true}]}}