{"id":1918,"date":"2021-02-03T17:58:41","date_gmt":"2021-02-03T16:58:41","guid":{"rendered":"https:\/\/envatech.net\/contact\/"},"modified":"2023-10-05T21:44:37","modified_gmt":"2023-10-05T19:44:37","slug":"contact","status":"publish","type":"page","link":"https:\/\/envatech.net\/fr\/contact\/","title":{"rendered":"Contact"},"content":{"rendered":"<div class=\"wpb-content-wrapper\"><p>[vc_row][vc_column][vc_column_text]<div class=\"text-left\"><div class=\"ui-subtitle-block-2 \">ENVATECH.NET<\/div><h2 class=\"ui-title-block-2 \"><span class=\"shuffle\">Contact<\/span><\/h2><div class=\"ui-decor-3 bg-primary\"><\/div><\/div>[\/vc_column_text][\/vc_column][\/vc_row][vc_row gap=&#8221;20&#8243; css=&#8221;.vc_custom_1489405669180{padding-top: 80px !important;padding-bottom: 40px !important;}&#8221;][vc_column width=&#8221;1\/2&#8243;][vc_column_text]<div class=\"text-left\"><h2 class=\"ui-title-block-3 \">SI\u00c8GE CENTRAL<\/h2><div class=\"ui-decor-1 bg-primary\"><\/div><\/div>[vc_column_text]Notre si\u00e8ge central est situ\u00e9 \u00e0 Sabadell. Dans le quartier des affaires d&#8217;Eix Maci\u00e0.[\/vc_column_text][\/vc_column][vc_column width=&#8221;1\/2&#8243;][vc_column_text]<div class=\"text-left\"><h2 class=\"ui-title-block-3 \">Showroom<\/h2><div class=\"ui-decor-1 bg-primary\"><\/div><\/div>[vc_column_text]Notre Showrrom est situ\u00e9 \u00e0 Barcelone, visitez-nous et nous vous montrerons nos s\u00e9parations en d\u00e9tail.[\/vc_column_text][\/vc_column][\/vc_row][vc_row css=&#8221;.vc_custom_1489405454140{padding-top: 80px !important;padding-bottom: 80px !important;}&#8221;][vc_column][vc_column_text]<div class=\"text-center\"><h2 class=\"ui-title-block-2 \">Escr\u00edbenos<\/h2><div class=\"ui-decor-1 bg-primary\"><\/div><\/div>[\/vc_column_text]<div class=\"wpforms-container wpforms-container-full wpforms-render-modern\" id=\"wpforms-2342\"><form id=\"wpforms-form-2342\" class=\"wpforms-validate wpforms-form wpforms-ajax-form\" data-formid=\"2342\" method=\"post\" enctype=\"multipart\/form-data\" action=\"\/fr\/wp-json\/wp\/v2\/pages\/1918\" data-token=\"4ff2bd5b50d8837a47d256aff8748f71\"><noscript class=\"wpforms-error-noscript\">Veuillez activer JavaScript dans votre navigateur pour remplir ce formulaire.<\/noscript><div class=\"wpforms-hidden\" id=\"wpforms-error-noscript\">Veuillez activer JavaScript dans votre navigateur pour remplir ce formulaire.<\/div><div class=\"wpforms-field-container\"><div id=\"wpforms-2342-field_0-container\" class=\"wpforms-field wpforms-field-name\" data-field-id=\"0\"><fieldset><legend class=\"wpforms-field-label\">Nom <span class=\"wpforms-required-label\" aria-hidden=\"true\">*<\/span><\/legend><div class=\"wpforms-field-row wpforms-field-medium\"><div class=\"wpforms-field-row-block wpforms-first wpforms-one-half\"><input type=\"text\" id=\"wpforms-2342-field_0\" class=\"wpforms-field-name-first wpforms-field-required\" name=\"wpforms[fields][0][first]\" aria-errormessage=\"wpforms-2342-field_0-error\" required><label for=\"wpforms-2342-field_0\" class=\"wpforms-field-sublabel after \">Pr\u00e9nom<\/label><\/div><div class=\"wpforms-field-row-block wpforms-one-half\"><input type=\"text\" id=\"wpforms-2342-field_0-last\" class=\"wpforms-field-name-last wpforms-field-required\" name=\"wpforms[fields][0][last]\" aria-errormessage=\"wpforms-2342-field_0-last-error\" required><label for=\"wpforms-2342-field_0-last\" class=\"wpforms-field-sublabel after \">Nom<\/label><\/div><\/div><\/fieldset><\/div><div id=\"wpforms-2342-field_1-container\" class=\"wpforms-field wpforms-field-email\" data-field-id=\"1\"><label class=\"wpforms-field-label\" for=\"wpforms-2342-field_1\">E-mail <span class=\"wpforms-required-label\" aria-hidden=\"true\">*<\/span><\/label><input type=\"email\" id=\"wpforms-2342-field_1\" class=\"wpforms-field-medium wpforms-field-required\" name=\"wpforms[fields][1]\" spellcheck=\"false\" aria-errormessage=\"wpforms-2342-field_1-error\" required><\/div><div id=\"wpforms-2342-field_3-container\" class=\"wpforms-field wpforms-field-number\" data-field-id=\"3\"><label class=\"wpforms-field-label\" for=\"wpforms-2342-field_3\">T\u00e9l\u00e9phone <span class=\"wpforms-required-label\" aria-hidden=\"true\">*<\/span><\/label><input type=\"number\" pattern=\"\\d*\" id=\"wpforms-2342-field_3\" class=\"wpforms-field-medium wpforms-field-required\" name=\"wpforms[fields][3]\" aria-errormessage=\"wpforms-2342-field_3-error\" required><\/div><div id=\"wpforms-2342-field_2-container\" class=\"wpforms-field wpforms-field-textarea\" data-field-id=\"2\"><label class=\"wpforms-field-label\" for=\"wpforms-2342-field_2\">Commentaire ou message<\/label><textarea id=\"wpforms-2342-field_2\" class=\"wpforms-field-medium\" name=\"wpforms[fields][2]\" aria-errormessage=\"wpforms-2342-field_2-error\" ><\/textarea><\/div><div id=\"wpforms-2342-field_4-container\" class=\"wpforms-field wpforms-field-checkbox wpforms-list-inline\" data-field-id=\"4\"><fieldset><legend class=\"wpforms-field-label wpforms-label-hide\" aria-hidden=\"false\">  <span class=\"wpforms-required-label\" aria-hidden=\"true\">*<\/span><\/legend><ul id=\"wpforms-2342-field_4\" class=\"wpforms-field-required\"><li class=\"choice-1 depth-1\"><input type=\"checkbox\" id=\"wpforms-2342-field_4_1\" name=\"wpforms[fields][4][]\" value=\"J&#039;ai lu et accept\u00e9 la &lt;a href=&quot;https:\/\/envatech.net\/fr\/mentions-legales\/&quot;&gt;Politique de confidentialit\u00e9&lt;\/a&gt;\" aria-errormessage=\"wpforms-2342-field_4_1-error\" required ><label class=\"wpforms-field-label-inline\" for=\"wpforms-2342-field_4_1\">J'ai lu et accept\u00e9 la <a href=\"https:\/\/envatech.net\/fr\/mentions-legales\/\">Politique de confidentialit\u00e9<\/a><\/label><\/li><\/ul><\/fieldset><\/div><\/div><!-- .wpforms-field-container --><div class=\"wpforms-submit-container\" ><input type=\"hidden\" name=\"wpforms[id]\" value=\"2342\"><input type=\"hidden\" name=\"wpforms[author]\" value=\"1\"><button type=\"submit\" name=\"wpforms[submit]\" id=\"wpforms-submit-2342\" class=\"wpforms-submit\" data-alt-text=\"Envoi en cours...\" data-submit-text=\"Envoyer\" aria-live=\"assertive\" value=\"wpforms-submit\">Envoyer<\/button><img src=\"https:\/\/envatech.net\/wp-content\/plugins\/wpforms-lite\/assets\/images\/submit-spin.svg\" class=\"wpforms-submit-spinner\" style=\"display: none;\" width=\"26\" height=\"26\" alt=\"Chargement en cours\"><\/div><\/form><\/div>  <!-- .wpforms-container -->[\/vc_column][\/vc_row][vc_row full_width=&#8221;stretch_row_content_no_spaces&#8221;][vc_column]<div class=\"sbvcgmap-map-wrapper\" style=\"width:100%;height:678px\"><div class=\"sbvcgmap-map\" zoom=\"14\" maptype=\"ROADMAP\" panoramatogglebutton=\"no\" pancontrol=\"no\" pancontrol_position=\"TOP_LEFT\" zoomcontrol=\"yes\" zoomcontrol_position=\"TOP_RIGHT\" zoomcontrolstyle=\"DEFAULT\" maptypecontrol=\"yes\" maptypecontrol_position=\"TOP_LEFT\" streetviewcontrol=\"yes\" streetviewcontrol_position=\"TOP_RIGHT\" overviewmapcontrol=\"no\" overviewmapcontrolvisible=\"no\" maptypecontrolstyle=\"DEFAULT\" mapstyle=\"style-32\" weather=\"no\" traffic=\"no\" transit=\"no\" bicycle=\"no\" panoramio=\"no\" draggable=\"yes\" scrollwheel=\"no\" cplatitude=\"\" cplongitude=\"\" scalecontrol=\"yes\" searchtype=\"disabled\" searchradius=\"500\" searchiconanimation=\"NONE\" searchdirectiontext=\"\" reloadonresize=\"no\" clustering=\"no\" style=\"width:100%;height:678px\"><div class=\"sbvcgmap-marker\" data-lat=\"41.558891\" data-lng=\"2.097474\" infowindow=\"no\" icon=\"\" animation=\"DROP\" customstyles=\"no\" ><br \/><a target=\"_blank\" href=\"https:\/\/maps.google.com\/?daddr=41.558891,2.097474\">Envatech<\/a><\/div><\/div><\/div>[\/vc_column][\/vc_row]<\/p>\n<\/div>","protected":false},"excerpt":{"rendered":"<p>[vc_row][vc_column][vc_column_text][\/vc_column_text][\/vc_column][\/vc_row][vc_row gap=&#8221;20&#8243; css=&#8221;.vc_custom_1489405669180{padding-top: 80px !important;padding-bottom: 40px !important;}&#8221;][vc_column width=&#8221;1\/2&#8243;][vc_column_text][vc_column_text]Notre si\u00e8ge central est situ\u00e9 \u00e0 Sabadell. Dans le quartier des affaires d&#8217;Eix Maci\u00e0.[\/vc_column_text][\/vc_column][vc_column width=&#8221;1\/2&#8243;][vc_column_text][vc_column_text]Notre Showrrom est situ\u00e9 \u00e0 Barcelone, visitez-nous et nous vous montrerons nos s\u00e9parations en d\u00e9tail.[\/vc_column_text][\/vc_column][\/vc_row][vc_row css=&#8221;.vc_custom_1489405454140{padding-top: 80px !important;padding-bottom: 80px !important;}&#8221;][vc_column][vc_column_text][\/vc_column_text][\/vc_column][\/vc_row][vc_row full_width=&#8221;stretch_row_content_no_spaces&#8221;][vc_column][\/vc_column][\/vc_row]<\/p>\n","protected":false},"author":1,"featured_media":0,"parent":0,"menu_order":0,"comment_status":"closed","ping_status":"closed","template":"","meta":{"footnotes":""},"yoast_head":"<!-- This site is optimized with the Yoast SEO plugin v21.3 - https:\/\/yoast.com\/wordpress\/plugins\/seo\/ -->\n<title>Contact - Envatech<\/title>\n<meta name=\"description\" content=\"Dise\u00f1amos y producimos particiones para oficinas y espacios comerciales. Creemos en el dise\u00f1o, la tecnolog\u00eda y la innovaci\u00f3n.\" \/>\n<meta name=\"robots\" content=\"index, follow, max-snippet:-1, max-image-preview:large, max-video-preview:-1\" \/>\n<link rel=\"canonical\" href=\"https:\/\/envatech.net\/fr\/contact\/\" \/>\n<meta property=\"og:locale\" content=\"fr_FR\" \/>\n<meta property=\"og:type\" content=\"article\" \/>\n<meta property=\"og:title\" content=\"Contact - Envatech\" \/>\n<meta property=\"og:description\" content=\"Dise\u00f1amos y producimos particiones para oficinas y espacios comerciales. Creemos en el dise\u00f1o, la tecnolog\u00eda y la innovaci\u00f3n.\" \/>\n<meta property=\"og:url\" content=\"https:\/\/envatech.net\/fr\/contact\/\" \/>\n<meta property=\"og:site_name\" content=\"Envatech\" \/>\n<meta property=\"article:modified_time\" content=\"2023-10-05T19:44:37+00:00\" \/>\n<meta name=\"twitter:card\" content=\"summary_large_image\" \/>\n<meta name=\"twitter:label1\" content=\"Dur\u00e9e de lecture estim\u00e9e\" \/>\n\t<meta name=\"twitter:data1\" content=\"1 minute\" \/>\n<!-- \/ Yoast SEO plugin. -->","yoast_head_json":{"title":"Contact - Envatech","description":"Dise\u00f1amos y producimos particiones para oficinas y espacios comerciales. Creemos en el dise\u00f1o, la tecnolog\u00eda y la innovaci\u00f3n.","robots":{"index":"index","follow":"follow","max-snippet":"max-snippet:-1","max-image-preview":"max-image-preview:large","max-video-preview":"max-video-preview:-1"},"canonical":"https:\/\/envatech.net\/fr\/contact\/","og_locale":"fr_FR","og_type":"article","og_title":"Contact - Envatech","og_description":"Dise\u00f1amos y producimos particiones para oficinas y espacios comerciales. Creemos en el dise\u00f1o, la tecnolog\u00eda y la innovaci\u00f3n.","og_url":"https:\/\/envatech.net\/fr\/contact\/","og_site_name":"Envatech","article_modified_time":"2023-10-05T19:44:37+00:00","twitter_card":"summary_large_image","twitter_misc":{"Dur\u00e9e de lecture estim\u00e9e":"1 minute"},"schema":{"@context":"https:\/\/schema.org","@graph":[{"@type":"WebPage","@id":"https:\/\/envatech.net\/fr\/contact\/","url":"https:\/\/envatech.net\/fr\/contact\/","name":"Contact - Envatech","isPartOf":{"@id":"https:\/\/envatech.net\/fr\/#website"},"datePublished":"2021-02-03T16:58:41+00:00","dateModified":"2023-10-05T19:44:37+00:00","description":"Dise\u00f1amos y producimos particiones para oficinas y espacios comerciales. Creemos en el dise\u00f1o, la tecnolog\u00eda y la innovaci\u00f3n.","breadcrumb":{"@id":"https:\/\/envatech.net\/fr\/contact\/#breadcrumb"},"inLanguage":"fr-FR","potentialAction":[{"@type":"ReadAction","target":["https:\/\/envatech.net\/fr\/contact\/"]}]},{"@type":"BreadcrumbList","@id":"https:\/\/envatech.net\/fr\/contact\/#breadcrumb","itemListElement":[{"@type":"ListItem","position":1,"name":"Portada","item":"https:\/\/envatech.net\/fr\/"},{"@type":"ListItem","position":2,"name":"Contact"}]},{"@type":"WebSite","@id":"https:\/\/envatech.net\/fr\/#website","url":"https:\/\/envatech.net\/fr\/","name":"Envatech","description":"Designt&amp;Technology","publisher":{"@id":"https:\/\/envatech.net\/fr\/#organization"},"potentialAction":[{"@type":"SearchAction","target":{"@type":"EntryPoint","urlTemplate":"https:\/\/envatech.net\/fr\/?s={search_term_string}"},"query-input":"required name=search_term_string"}],"inLanguage":"fr-FR"},{"@type":"Organization","@id":"https:\/\/envatech.net\/fr\/#organization","name":"Envatech","url":"https:\/\/envatech.net\/fr\/","logo":{"@type":"ImageObject","inLanguage":"fr-FR","@id":"https:\/\/envatech.net\/fr\/#\/schema\/logo\/image\/","url":"https:\/\/envatech.net\/wp-content\/uploads\/2020\/10\/logo-envatech-dark-hd.png","contentUrl":"https:\/\/envatech.net\/wp-content\/uploads\/2020\/10\/logo-envatech-dark-hd.png","width":800,"height":200,"caption":"Envatech"},"image":{"@id":"https:\/\/envatech.net\/fr\/#\/schema\/logo\/image\/"}}]}},"_links":{"self":[{"href":"https:\/\/envatech.net\/fr\/wp-json\/wp\/v2\/pages\/1918"}],"collection":[{"href":"https:\/\/envatech.net\/fr\/wp-json\/wp\/v2\/pages"}],"about":[{"href":"https:\/\/envatech.net\/fr\/wp-json\/wp\/v2\/types\/page"}],"author":[{"embeddable":true,"href":"https:\/\/envatech.net\/fr\/wp-json\/wp\/v2\/users\/1"}],"replies":[{"embeddable":true,"href":"https:\/\/envatech.net\/fr\/wp-json\/wp\/v2\/comments?post=1918"}],"version-history":[{"count":11,"href":"https:\/\/envatech.net\/fr\/wp-json\/wp\/v2\/pages\/1918\/revisions"}],"predecessor-version":[{"id":2359,"href":"https:\/\/envatech.net\/fr\/wp-json\/wp\/v2\/pages\/1918\/revisions\/2359"}],"wp:attachment":[{"href":"https:\/\/envatech.net\/fr\/wp-json\/wp\/v2\/media?parent=1918"}],"curies":[{"name":"wp","href":"https:\/\/api.w.org\/{rel}","templated":true}]}}