{"id":1897,"date":"2021-02-03T17:54:48","date_gmt":"2021-02-03T16:54:48","guid":{"rendered":"https:\/\/envatech.net\/qui-sommes-nous\/"},"modified":"2021-02-03T18:08:17","modified_gmt":"2021-02-03T17:08:17","slug":"qui-sommes-nous","status":"publish","type":"page","link":"https:\/\/envatech.net\/fr\/qui-sommes-nous\/","title":{"rendered":"Qui sommes nous"},"content":{"rendered":"<div class=\"wpb-content-wrapper\"><p>[vc_row][vc_column]<div class=\"text-left\"><div class=\"ui-subtitle-block-2 \">Envatech, design et technologie<\/div><h2 class=\"ui-title-block-2 \"><span class=\"shuffle\">QUI SOMMES NOUS<\/span><\/h2><div class=\"ui-decor-3 bg-primary\"><\/div><\/div>[\/vc_column][\/vc_row][vc_row gap=&#8221;30&#8243; css=&#8221;.vc_custom_1598451468357{padding-top: 80px !important;padding-bottom: 80px !important;}&#8221;][vc_column width=&#8221;3\/4&#8243;]<div class=\"text-left\"><div class=\"ui-subtitle-block \">Nous parions sur la technologie et l'innovation<\/div><h2 class=\"ui-title-block ui-title-block_light \">Envatech: exp\u00e9rience, design et qualit\u00e9<\/h2><div class=\"ui-decor-1 bg-primary\"><\/div><\/div>[vc_column_text]Depuis sa cr\u00e9ation en 1989, Envatech est une entreprise familiale avec une longue histoire dans la production de s\u00e9parations et de cloisons pour bureaux et espaces commerciaux. La cr\u00e9ation d\u2019Envatech r\u00e9pond \u00e0 la volont\u00e9 de proposer un produit de qualit\u00e9, avec un design diff\u00e9rent par l\u2019originalit\u00e9 de son architecture int\u00e9rieure. Nous croyons en la conception\/design, \u00e0 la technologie, ainsi qu\u2019\u00e0 l\u2019innovation appliqu\u00e9e \u00e0 nos produits.<\/p>\n<p>Nos syst\u00e8mes sont le r\u00e9sultat de la collaboration d\u2019Envatech avec des concepteurs de produits et architectes, qui apportent leur savoir-faire et nous aident \u00e0 obtenir les meilleurs r\u00e9sultats en mati\u00e8re de technologie et de long\u00e9vit\u00e9 des mat\u00e9riaux. En 2020 chez Envatech, nous voulons faire partie des nouveaux d\u00e9fis auxquels la soci\u00e9t\u00e9 du futur est confront\u00e9e et des nouvelles exigences de durabilit\u00e9 avec la certification C2C, Cradle to Cradle dans la qualit\u00e9 de tous nos mat\u00e9riaux.[\/vc_column_text][vc_single_image image=&#8221;1712&#8243; img_size=&#8221;full&#8221;][\/vc_column][vc_column width=&#8221;1\/4&#8243;][vc_empty_space height=&#8221;170px&#8221;][vc_single_image image=&#8221;1825&#8243; img_size=&#8221;292&#215;190&#8243;][vc_column_text]<\/p>\n<h3 class=\"b-sm-about__title\">DURABILIT\u00c9<\/h3>\n<p><span class=\"TextRun SCXW236620796 BCX0\" lang=\"ES-ES\" data-contrast=\"auto\"><span class=\"NormalTextRun SCXW236620796 BCX0\">Chez<\/span><\/span><span class=\"TextRun SCXW236620796 BCX0\" lang=\"ES-ES\" data-contrast=\"auto\"><span class=\"NormalTextRun SpellingErrorV2 SCXW236620796 BCX0 DefaultHighlightTransition\">Envatech<\/span><\/span><span class=\"TextRun SCXW236620796 BCX0\" lang=\"ES-ES\" data-contrast=\"auto\"><span class=\"NormalTextRun SCXW236620796 BCX0\"> nous pensons \u00e0 l\u2019environnement et \u00e0 la durabilit\u00e9, pour cela <\/span><\/span><span class=\"TextRun SCXW236620796 BCX0\" lang=\"ES-ES\" data-contrast=\"auto\"><span class=\"NormalTextRun SCXW236620796 BCX0\">nous nous <\/span><\/span><span class=\"TextRun SCXW236620796 BCX0\" lang=\"ES-ES\" data-contrast=\"auto\"><span class=\"NormalTextRun SCXW236620796 BCX0\">assurons<\/span><\/span><span class=\"TextRun SCXW236620796 BCX0\" lang=\"ES-ES\" data-contrast=\"auto\" xml:lang=\"ES-ES\"><span class=\"NormalTextRun SCXW236620796 BCX0\"> <\/span><\/span><span class=\"TextRun SCXW236620796 BCX0\" lang=\"ES-ES\" data-contrast=\"auto\"><span class=\"NormalTextRun SCXW236620796 BCX0\">d&#8217;<\/span><\/span><span class=\"TextRun SCXW236620796 BCX0\" lang=\"ES-ES\" data-contrast=\"auto\"><span class=\"NormalTextRun SCXW236620796 BCX0\">utiliser des mat\u00e9riaux <\/span><\/span><span class=\"TextRun SCXW236620796 BCX0\" lang=\"ES-ES\" data-contrast=\"auto\"><span class=\"NormalTextRun SCXW236620796 BCX0\">recyclables<\/span><\/span><span class=\"TextRun SCXW236620796 BCX0\" lang=\"ES-ES\" data-contrast=\"auto\"><span class=\"NormalTextRun SCXW236620796 BCX0\"> et portons une attention particuli\u00e8re<\/span><\/span><span class=\"TextRun SCXW236620796 BCX0\" lang=\"ES-ES\" data-contrast=\"auto\"><span class=\"NormalTextRun SCXW236620796 BCX0\">\u00e0 leur <\/span><\/span><span class=\"TextRun SCXW236620796 BCX0\" lang=\"ES-ES\" data-contrast=\"auto\"><span class=\"NormalTextRun SCXW236620796 BCX0\"> cycle de vie <\/span><\/span><span class=\"TextRun SCXW236620796 BCX0\" lang=\"ES-ES\" data-contrast=\"auto\"><span class=\"NormalTextRun SCXW236620796 BCX0\"> et \u00e0 leur impact environnemental.<\/span><\/span><span class=\"TextRun SCXW236620796 BCX0\" lang=\"ES-ES\" data-contrast=\"auto\" xml:lang=\"ES-ES\"><span class=\"NormalTextRun SCXW236620796 BCX0\"> <\/span><\/span>[\/vc_column_text][vc_single_image image=&#8221;1715&#8243; img_size=&#8221;292&#215;190&#8243;][vc_column_text]<\/p>\n<h3 class=\"b-sm-about__title\">NOUS VOUS \u00c9COUTONS<\/h3>\n<p><span class=\"TextRun SCXW7736858 BCX0\" lang=\"ES-ES\" data-contrast=\"auto\" xml:lang=\"ES-ES\"><span class=\"NormalTextRun SCXW7736858 BCX0\">Note philosophie d\u2019entreprise s\u2019articule autour de la collaboration avec nos clients, ce qui nous permet de faire de leurs projets un v\u00e9ritable reflet de leur identit\u00e9.<\/span><\/span><span class=\"EOP SCXW7736858 BCX0\" data-ccp-props=\"{\"201341983\":0,\"335559739\":160,\"335559740\":259}\"> <\/span>[\/vc_column_text][\/vc_column][\/vc_row][vc_row row_overlay_preset=&#8221;vc-area-bg_grey&#8221; row_overlay_opacity=&#8221;vc-overlay_op_70&#8243; full_width=&#8221;stretch_row&#8221; gap=&#8221;30&#8243; equal_height=&#8221;yes&#8221; content_placement=&#8221;middle&#8221; parallax=&#8221;content-moving&#8221; parallax_image=&#8221;1590&#8243; css=&#8221;.vc_custom_1602522110578{padding-top: 110px !important;padding-bottom: 80px !important;}&#8221;][vc_column css_animation=&#8221;fadeInLeft&#8221; width=&#8221;1\/2&#8243;]<div class=\"text-left\"><div class=\"ui-subtitle-block color-white\">Nous travaillons chaque jour pour offrir \u00e0 nos clients des produits uniques.<\/div><h2 class=\"ui-title-block ui-title-block_light color-white\">Lorsque la conception fusionne avec la technique, il en r\u00e9sulte des produits uniques avec une \u00e2me.<\/h2><div class=\"ui-decor-1 bg-primary\"><\/div><\/div>[\/vc_column][vc_column css_animation=&#8221;fadeInRight&#8221; width=&#8221;1\/2&#8243; css=&#8221;.vc_custom_1488895965208{padding-top: 50px !important;}&#8221;][vc_single_image image=&#8221;1639&#8243; img_size=&#8221;full&#8221;][\/vc_column][\/vc_row][vc_row gap=&#8221;15&#8243; css=&#8221;.vc_custom_1588705286413{padding-top: 80px !important;padding-bottom: 40px !important;}&#8221;][vc_column css_animation=&#8221;fadeInUp&#8221; width=&#8221;1\/2&#8243;][vc_single_image image=&#8221;1820&#8243; img_size=&#8221;full&#8221;][\/vc_column][vc_column css_animation=&#8221;fadeInUp&#8221; width=&#8221;1\/2&#8243;]<div class=\"text-left\"><div class=\"ui-subtitle-block \">Design, pr\u00e9cision et qualit\u00e9<\/div><h2 class=\"ui-title-block \">PRODUITS ENVATECH<\/h2><div class=\"ui-decor-1 bg-primary\"><\/div><\/div>[vc_column_text]Chez Envatech, nous proposons une multitude de solutions en cloisons pour s\u2019adapter \u00e0 tous les besoins de nos clients.<\/p>\n<p>Nous avons toutes sortes de cloisons pour bureaux, types et finitions, ainsi que les parois mobiles&#8230;[\/vc_column_text]<a class=\"btn btn-default btn-round  pull-left\" href=\"\/fr\/produits\" title=\"Produits\" rel=\"\" target=\"\">Produits<\/a>[\/vc_column][\/vc_row][vc_row css=&#8221;.vc_custom_1588705294566{padding-top: 40px !important;padding-bottom: 080px !important;}&#8221;][vc_column css_animation=&#8221;fadeInUp&#8221; width=&#8221;1\/2&#8243;]<div class=\"text-left\"><div class=\"ui-subtitle-block \">Transparence, effort et exp\u00e9rience<\/div><h2 class=\"ui-title-block \">PROJETS ENVATECH<\/h2><div class=\"ui-decor-1 bg-primary\"><\/div><\/div>[vc_column_text]Chez Envatech, nous avons une vaste exp\u00e9rience dans les projets, notre long parcourt nous permet de r\u00e9aliser des projets rapidement et efficacement.<\/p>\n<p>Nous disposons d\u2019une importante \u00e9quipe de travail avec laquelle nous pouvons r\u00e9aliser n\u2019importe quel projet que vous nous proposez.[\/vc_column_text]<a class=\"btn btn-default btn-round  pull-left\" href=\"\/fr\/projets\" title=\"Projets\" rel=\"\" target=\"\">Projets<\/a>[\/vc_column][vc_column css_animation=&#8221;fadeInUp&#8221; width=&#8221;1\/2&#8243;][vc_single_image image=&#8221;1595&#8243; img_size=&#8221;full&#8221; alignment=&#8221;right&#8221;][\/vc_column][\/vc_row][vc_row row_overlay_preset=&#8221;vc-area-bg_grey&#8221; row_overlay_opacity=&#8221;vc-overlay_op_70&#8243; full_width=&#8221;stretch_row&#8221; equal_height=&#8221;yes&#8221; content_placement=&#8221;middle&#8221; parallax=&#8221;content-moving&#8221; parallax_image=&#8221;1590&#8243; parallax_speed_bg=&#8221;3&#8243; css=&#8221;.vc_custom_1602522173582{margin-top: 0px !important;padding-top: 65px !important;padding-bottom: 65px !important;background-position: center;background-repeat: no-repeat !important;background-size: cover !important;}&#8221;][vc_column width=&#8221;5\/6&#8243;]<div class=\"text-left\"><h2 class=\"ui-title-block-3 color-white\">Voulez-vous plus d'informations?<\/h2><\/div><div class=\"text-left\"><div class=\"ui-subtitle-block-2 color-white\">Contactez-nous<\/div><\/div>[\/vc_column][vc_column css_animation=&#8221;fadeIn&#8221; width=&#8221;1\/6&#8243;]<a class=\"btn btn-default btn-w btn-round  pull-right\" href=\"http:\/\/www.envatech.net\/fr\/contact\/\" title=\"Contactez-nous\" rel=\"\" target=\"\">Contactez-nous<\/a>[\/vc_column][\/vc_row]<\/p>\n<\/div>","protected":false},"excerpt":{"rendered":"<p>[vc_row][vc_column][\/vc_column][\/vc_row][vc_row gap=&#8221;30&#8243; css=&#8221;.vc_custom_1598451468357{padding-top: 80px !important;padding-bottom: 80px !important;}&#8221;][vc_column width=&#8221;3\/4&#8243;][vc_column_text]Depuis sa cr\u00e9ation en 1989, Envatech est une entreprise familiale avec une longue histoire dans la production de s\u00e9parations et de cloisons pour bureaux et espaces commerciaux. La cr\u00e9ation d\u2019Envatech r\u00e9pond \u00e0 la volont\u00e9 de proposer un produit de qualit\u00e9, avec un design diff\u00e9rent par l\u2019originalit\u00e9 de son [&hellip;]<\/p>\n","protected":false},"author":1,"featured_media":0,"parent":0,"menu_order":0,"comment_status":"closed","ping_status":"closed","template":"","meta":{"footnotes":""},"yoast_head":"<!-- This site is optimized with the Yoast SEO plugin v21.3 - https:\/\/yoast.com\/wordpress\/plugins\/seo\/ -->\n<title>Qui sommes nous - Envatech<\/title>\n<meta name=\"description\" content=\"Nous croyons au design, \u00e0 la technologie et \u00e0 l&#039;innovation. Nos cloisons pour bureaux toujours issues de l&#039;exp\u00e9rience, du design et de la qualit\u00e9.\" \/>\n<meta name=\"robots\" content=\"index, follow, max-snippet:-1, max-image-preview:large, max-video-preview:-1\" \/>\n<link rel=\"canonical\" href=\"https:\/\/envatech.net\/fr\/qui-sommes-nous\/\" \/>\n<meta property=\"og:locale\" content=\"fr_FR\" \/>\n<meta property=\"og:type\" content=\"article\" \/>\n<meta property=\"og:title\" content=\"Qui sommes nous - Envatech\" \/>\n<meta property=\"og:description\" content=\"Nous croyons au design, \u00e0 la technologie et \u00e0 l&#039;innovation. Nos cloisons pour bureaux toujours issues de l&#039;exp\u00e9rience, du design et de la qualit\u00e9.\" \/>\n<meta property=\"og:url\" content=\"https:\/\/envatech.net\/fr\/qui-sommes-nous\/\" \/>\n<meta property=\"og:site_name\" content=\"Envatech\" \/>\n<meta property=\"article:modified_time\" content=\"2021-02-03T17:08:17+00:00\" \/>\n<meta name=\"twitter:card\" content=\"summary_large_image\" \/>\n<meta name=\"twitter:label1\" content=\"Dur\u00e9e de lecture estim\u00e9e\" \/>\n\t<meta name=\"twitter:data1\" content=\"4 minutes\" \/>\n<!-- \/ Yoast SEO plugin. -->","yoast_head_json":{"title":"Qui sommes nous - Envatech","description":"Nous croyons au design, \u00e0 la technologie et \u00e0 l'innovation. Nos cloisons pour bureaux toujours issues de l'exp\u00e9rience, du design et de la qualit\u00e9.","robots":{"index":"index","follow":"follow","max-snippet":"max-snippet:-1","max-image-preview":"max-image-preview:large","max-video-preview":"max-video-preview:-1"},"canonical":"https:\/\/envatech.net\/fr\/qui-sommes-nous\/","og_locale":"fr_FR","og_type":"article","og_title":"Qui sommes nous - Envatech","og_description":"Nous croyons au design, \u00e0 la technologie et \u00e0 l'innovation. Nos cloisons pour bureaux toujours issues de l'exp\u00e9rience, du design et de la qualit\u00e9.","og_url":"https:\/\/envatech.net\/fr\/qui-sommes-nous\/","og_site_name":"Envatech","article_modified_time":"2021-02-03T17:08:17+00:00","twitter_card":"summary_large_image","twitter_misc":{"Dur\u00e9e de lecture estim\u00e9e":"4 minutes"},"schema":{"@context":"https:\/\/schema.org","@graph":[{"@type":"WebPage","@id":"https:\/\/envatech.net\/fr\/qui-sommes-nous\/","url":"https:\/\/envatech.net\/fr\/qui-sommes-nous\/","name":"Qui sommes nous - Envatech","isPartOf":{"@id":"https:\/\/envatech.net\/fr\/#website"},"datePublished":"2021-02-03T16:54:48+00:00","dateModified":"2021-02-03T17:08:17+00:00","description":"Nous croyons au design, \u00e0 la technologie et \u00e0 l'innovation. Nos cloisons pour bureaux toujours issues de l'exp\u00e9rience, du design et de la qualit\u00e9.","breadcrumb":{"@id":"https:\/\/envatech.net\/fr\/qui-sommes-nous\/#breadcrumb"},"inLanguage":"fr-FR","potentialAction":[{"@type":"ReadAction","target":["https:\/\/envatech.net\/fr\/qui-sommes-nous\/"]}]},{"@type":"BreadcrumbList","@id":"https:\/\/envatech.net\/fr\/qui-sommes-nous\/#breadcrumb","itemListElement":[{"@type":"ListItem","position":1,"name":"Portada","item":"https:\/\/envatech.net\/fr\/"},{"@type":"ListItem","position":2,"name":"Qui sommes nous"}]},{"@type":"WebSite","@id":"https:\/\/envatech.net\/fr\/#website","url":"https:\/\/envatech.net\/fr\/","name":"Envatech","description":"Designt&amp;Technology","publisher":{"@id":"https:\/\/envatech.net\/fr\/#organization"},"potentialAction":[{"@type":"SearchAction","target":{"@type":"EntryPoint","urlTemplate":"https:\/\/envatech.net\/fr\/?s={search_term_string}"},"query-input":"required name=search_term_string"}],"inLanguage":"fr-FR"},{"@type":"Organization","@id":"https:\/\/envatech.net\/fr\/#organization","name":"Envatech","url":"https:\/\/envatech.net\/fr\/","logo":{"@type":"ImageObject","inLanguage":"fr-FR","@id":"https:\/\/envatech.net\/fr\/#\/schema\/logo\/image\/","url":"https:\/\/envatech.net\/wp-content\/uploads\/2020\/10\/logo-envatech-dark-hd.png","contentUrl":"https:\/\/envatech.net\/wp-content\/uploads\/2020\/10\/logo-envatech-dark-hd.png","width":800,"height":200,"caption":"Envatech"},"image":{"@id":"https:\/\/envatech.net\/fr\/#\/schema\/logo\/image\/"}}]}},"_links":{"self":[{"href":"https:\/\/envatech.net\/fr\/wp-json\/wp\/v2\/pages\/1897"}],"collection":[{"href":"https:\/\/envatech.net\/fr\/wp-json\/wp\/v2\/pages"}],"about":[{"href":"https:\/\/envatech.net\/fr\/wp-json\/wp\/v2\/types\/page"}],"author":[{"embeddable":true,"href":"https:\/\/envatech.net\/fr\/wp-json\/wp\/v2\/users\/1"}],"replies":[{"embeddable":true,"href":"https:\/\/envatech.net\/fr\/wp-json\/wp\/v2\/comments?post=1897"}],"version-history":[{"count":9,"href":"https:\/\/envatech.net\/fr\/wp-json\/wp\/v2\/pages\/1897\/revisions"}],"predecessor-version":[{"id":1930,"href":"https:\/\/envatech.net\/fr\/wp-json\/wp\/v2\/pages\/1897\/revisions\/1930"}],"wp:attachment":[{"href":"https:\/\/envatech.net\/fr\/wp-json\/wp\/v2\/media?parent=1897"}],"curies":[{"name":"wp","href":"https:\/\/api.w.org\/{rel}","templated":true}]}}