{"id":1893,"date":"2021-02-03T17:46:02","date_gmt":"2021-02-03T16:46:02","guid":{"rendered":"https:\/\/envatech.net\/?page_id=1893"},"modified":"2021-02-03T18:02:57","modified_gmt":"2021-02-03T17:02:57","slug":"mamparas-y-particiones-para-oficinas","status":"publish","type":"page","link":"https:\/\/envatech.net\/fr\/","title":{"rendered":"Cloisons et partitions de bureau"},"content":{"rendered":"<div class=\"wpb-content-wrapper\"><p>[vc_row full_width=&#8221;stretch_row_content_no_spaces&#8221; equal_height=&#8221;yes&#8221; content_placement=&#8221;middle&#8221; row_overlay_color=&#8221;&#8221; css=&#8221;.vc_custom_1486742263335{background-color: #ffffff !important;background-position: center !important;background-repeat: no-repeat !important;background-size: cover !important;}&#8221;][vc_column]\n            <div class=\"main-slider slider-pro text-center slider-fullheight\" data-slider-width=\"100%\" data-slider-height=\"870\" data-slider-arrows=\"true\" data-slider-buttons=\"true\">\n            <div class=\"sp-slides\">\n                <div class=\"sp-slide no-overlay\">\n\n                \t<img class=\"sp-image\" src=\"https:\/\/envatech.net\/wp-content\/uploads\/2020\/10\/envatech-home1-1.jpg\" alt=\"slider\">\n\n                    <div class=\"container\">\n\n                        <div class=\"row\">\n\n                            <div class=\"col-sm-10 col-sm-offset-1\">\n\n                                \n                    <div class=\"main-slider__info sp-layer\" data-width=\"100%\" data-show-transition=\"right\" data-hide-transition=\"right\" data-show-duration=\"2000\" data-show-delay=\"1200\" data-hide-delay=\"400\">\n                        SEPARATIONS \/ PAROIS MOBILES \/ PORTES \n                    <\/div>\n                    <h2 class=\"main-slider__title sp-layer\" data-width=\"100%\" data-show-transition=\"right\" data-hide-transition=\"right\" data-show-duration=\"800\" data-show-delay=\"400\" data-hide-delay=\"400\">\n                        QUALIT\u00c9 ET DESIGN DANS LES SEPARATIONS\n                    <\/h2>\n                    <div class=\"sp-layer\" data-width=\"100%\" data-show-transition=\"right\" data-hide-transition=\"right\" data-show-duration=\"1200\" data-show-delay=\"2000\" data-hide-delay=\"400\">\n                        <a class=\"main-slider__btn btn btn-default btn-round\" target=\"\" href=\"\/fr\/produits\">Produits<\/a>\n                        <a class=\"main-slider__btn main-slider__btn_white btn btn-default btn-round\" target=\"\" href=\"\/fr\/projets\">Projets<\/a>\n                    <\/div>\n\n                            <\/div>\n\n                        <\/div>\n\n                    <\/div>\n\n                <\/div>\n                <div class=\"sp-slide no-overlay\">\n\n                \t<img class=\"sp-image\" src=\"https:\/\/envatech.net\/wp-content\/uploads\/2020\/10\/envatech-home2-1.jpg\" alt=\"slider\">\n\n                    <div class=\"container\">\n\n                        <div class=\"row\">\n\n                            <div class=\"col-sm-10 col-sm-offset-1\">\n\n                                \n                    <div class=\"main-slider__info sp-layer\" data-width=\"100%\" data-show-transition=\"right\" data-hide-transition=\"right\" data-show-duration=\"2000\" data-show-delay=\"1200\" data-hide-delay=\"400\">\n                        MULTITUDE DE SOLUTIONS \n                    <\/div>\n                    <h2 class=\"main-slider__title sp-layer\" data-width=\"100%\" data-show-transition=\"right\" data-hide-transition=\"right\" data-show-duration=\"800\" data-show-delay=\"400\" data-hide-delay=\"400\">\n                        ADAPTABILIT\u00c9 ET PERSONNALISATION DE NOS SYST\u00c8MES\n                    <\/h2>\n                    <div class=\"sp-layer\" data-width=\"100%\" data-show-transition=\"right\" data-hide-transition=\"right\" data-show-duration=\"1200\" data-show-delay=\"2000\" data-hide-delay=\"400\">\n                        <a class=\"main-slider__btn btn btn-default btn-round\" target=\"\" href=\"\/fr\/produits\/\">Produits<\/a>\n                        <a class=\"main-slider__btn main-slider__btn_white btn btn-default btn-round\" target=\"\" href=\"\/fr\/projets\">Projets<\/a>\n                    <\/div>\n\n                            <\/div>\n\n                        <\/div>\n\n                    <\/div>\n\n                <\/div>\n                <div class=\"sp-slide no-overlay\">\n\n                \t<img class=\"sp-image\" src=\"https:\/\/envatech.net\/wp-content\/uploads\/2020\/10\/envatech-home3-1.jpg\" alt=\"slider\">\n\n                    <div class=\"container\">\n\n                        <div class=\"row\">\n\n                            <div class=\"col-sm-10 col-sm-offset-1\">\n\n                                \n                    <div class=\"main-slider__info sp-layer\" data-width=\"100%\" data-show-transition=\"right\" data-hide-transition=\"right\" data-show-duration=\"2000\" data-show-delay=\"1200\" data-hide-delay=\"400\">\n                        DURABILIT\u00c9 ET \u00c9CODESIGN\n                    <\/div>\n                    <h2 class=\"main-slider__title sp-layer\" data-width=\"100%\" data-show-transition=\"right\" data-hide-transition=\"right\" data-show-duration=\"800\" data-show-delay=\"400\" data-hide-delay=\"400\">\n                        NOUS PRENONS SOIN DU CYCLE DE VIE DE NOS PRODUITS\n                    <\/h2>\n                    <div class=\"sp-layer\" data-width=\"100%\" data-show-transition=\"right\" data-hide-transition=\"right\" data-show-duration=\"1200\" data-show-delay=\"2000\" data-hide-delay=\"400\">\n                        <a class=\"main-slider__btn btn btn-default btn-round\" target=\"\" href=\"\/fr\/produits\">Produits<\/a>\n                        <a class=\"main-slider__btn main-slider__btn_white btn btn-default btn-round\" target=\"\" href=\"\/proyectos\">Proyectos<\/a>\n                    <\/div>\n\n                            <\/div>\n\n                        <\/div>\n\n                    <\/div>\n\n                <\/div><\/div><\/div>[\/vc_column][\/vc_row][vc_row full_width=&#8221;stretch_row&#8221; css=&#8221;.vc_custom_1588704795913{padding-top: 80px !important;padding-bottom: 50px !important;background-color: #f8f8f8 !important;}&#8221;][vc_column css_animation=&#8221;none&#8221;]<div class=\"text-center\"><div class=\"ui-subtitle-block \">Nous croyons au design, \u00e0 la technologie et \u00e0 l\u2019innovation<\/div><h2 class=\"ui-title-block-2 \">NOUS CONCEVONS ET PRODUISONS DES CLOISONS POUR LES BUREAUX ET LES ESPACES COMMERCIAUX<\/h2><div class=\"ui-decor-1 bg-primary\"><\/div><\/div>[\/vc_column][\/vc_row][vc_row css=&#8221;.vc_custom_1486739784655{padding-top: 110px !important;padding-bottom: 110px !important;}&#8221;][vc_column css_animation=&#8221;fadeInDown&#8221;]<div class=\"text-center\"><div class=\"ui-subtitle-block \">Nous avons toutes sortes de s\u00e9parations  pour les bureaux<\/div><h2 class=\"ui-title-block-2 \">PRODUITS PHARES<\/h2><div class=\"ui-decor-1 bg-primary\"><\/div><\/div>[vc_basic_grid post_type=&#8221;ozun-portfolio&#8221; max_items=&#8221;4&#8243; element_width=&#8221;6&#8243; item=&#8221;847&#8243; grid_id=&#8221;vc_gid:1612370446354-96899a1a-bdb1-6&#8243;][\/vc_column][\/vc_row][vc_row full_width=&#8221;stretch_row&#8221; css=&#8221;.vc_custom_1588704739766{padding-top: 110px !important;background-color: #f8f8f8 !important;}&#8221;][vc_column css_animation=&#8221;fadeInDown&#8221;]<div class=\"text-center\"><div class=\"ui-subtitle-block \">Nous r\u00e9alisons toutes sortes de projets rapidement et efficacement<\/div><h2 class=\"ui-title-block-2 \">PROJETS PHARES<\/h2><div class=\"ui-decor-1 bg-primary\"><\/div><\/div>[vc_basic_grid post_type=&#8221;post&#8221; max_items=&#8221;4&#8243; element_width=&#8221;3&#8243; gap=&#8221;20&#8243; item=&#8221;847&#8243; grid_id=&#8221;vc_gid:1612370446355-02f12e96-599a-2&#8243; taxonomies=&#8221;31, 4, 32, 3&#8243;][\/vc_column][\/vc_row][vc_row row_overlay_preset=&#8221;vc-area-bg_grey&#8221; row_overlay_opacity=&#8221;vc-overlay_op_70&#8243; full_width=&#8221;stretch_row&#8221; equal_height=&#8221;yes&#8221; content_placement=&#8221;middle&#8221; parallax=&#8221;content-moving&#8221; parallax_image=&#8221;1590&#8243; parallax_speed_bg=&#8221;3&#8243; css=&#8221;.vc_custom_1603743494447{margin-top: 0px !important;padding-top: 65px !important;padding-bottom: 65px !important;background-image: url(https:\/\/envatech.net\/wp-content\/uploads\/2020\/10\/envatech-contacto.jpg?id=1590) !important;background-position: center;background-repeat: no-repeat !important;background-size: cover !important;}&#8221;][vc_column width=&#8221;5\/6&#8243;]<div class=\"text-left\"><h2 class=\"ui-title-block-3 color-white\">Voulez-vous plus d'informations?<\/h2><\/div><div class=\"text-left\"><div class=\"ui-subtitle-block-2 color-white\">Contactez-nous<\/div><\/div>[\/vc_column][vc_column css_animation=&#8221;fadeIn&#8221; width=&#8221;1\/6&#8243;]<a class=\"btn btn-default btn-w btn-round  pull-right\" href=\"http:\/\/www.envatech.net\/fr\/contacto\/\" title=\"Contactez-nous\" rel=\"\" target=\"\">Contactez-nous<\/a>[\/vc_column][\/vc_row]<\/p>\n<\/div>","protected":false},"excerpt":{"rendered":"<p>[vc_row full_width=&#8221;stretch_row_content_no_spaces&#8221; equal_height=&#8221;yes&#8221; content_placement=&#8221;middle&#8221; row_overlay_color=&#8221;&#8221; css=&#8221;.vc_custom_1486742263335{background-color: #ffffff !important;background-position: center !important;background-repeat: no-repeat !important;background-size: cover !important;}&#8221;][vc_column][\/vc_column][\/vc_row][vc_row full_width=&#8221;stretch_row&#8221; css=&#8221;.vc_custom_1588704795913{padding-top: 80px !important;padding-bottom: 50px !important;background-color: #f8f8f8 !important;}&#8221;][vc_column css_animation=&#8221;none&#8221;][\/vc_column][\/vc_row][vc_row css=&#8221;.vc_custom_1486739784655{padding-top: 110px !important;padding-bottom: 110px !important;}&#8221;][vc_column css_animation=&#8221;fadeInDown&#8221;][vc_basic_grid post_type=&#8221;ozun-portfolio&#8221; max_items=&#8221;4&#8243; element_width=&#8221;6&#8243; item=&#8221;847&#8243; grid_id=&#8221;vc_gid:1612370446354-96899a1a-bdb1-6&#8243;][\/vc_column][\/vc_row][vc_row full_width=&#8221;stretch_row&#8221; css=&#8221;.vc_custom_1588704739766{padding-top: 110px !important;background-color: #f8f8f8 !important;}&#8221;][vc_column css_animation=&#8221;fadeInDown&#8221;][vc_basic_grid post_type=&#8221;post&#8221; max_items=&#8221;4&#8243; element_width=&#8221;3&#8243; gap=&#8221;20&#8243; item=&#8221;847&#8243; grid_id=&#8221;vc_gid:1612370446355-02f12e96-599a-2&#8243; taxonomies=&#8221;31, 4, 32, 3&#8243;][\/vc_column][\/vc_row][vc_row row_overlay_preset=&#8221;vc-area-bg_grey&#8221; row_overlay_opacity=&#8221;vc-overlay_op_70&#8243; full_width=&#8221;stretch_row&#8221; equal_height=&#8221;yes&#8221; [&hellip;]<\/p>\n","protected":false},"author":2,"featured_media":0,"parent":0,"menu_order":0,"comment_status":"closed","ping_status":"closed","template":"page-vc.php","meta":{"footnotes":""},"yoast_head":"<!-- This site is optimized with the Yoast SEO plugin v21.3 - https:\/\/yoast.com\/wordpress\/plugins\/seo\/ -->\n<title>Cloisons et partitions de bureau - Envatech<\/title>\n<meta name=\"description\" content=\"Dise\u00f1amos y producimos particiones para oficinas y espacios comerciales. Creemos en el dise\u00f1o, la tecnolog\u00eda y la innovaci\u00f3n.\" \/>\n<meta name=\"robots\" content=\"index, follow, max-snippet:-1, max-image-preview:large, max-video-preview:-1\" \/>\n<link rel=\"canonical\" href=\"https:\/\/envatech.net\/fr\/\" \/>\n<meta property=\"og:locale\" content=\"fr_FR\" \/>\n<meta property=\"og:type\" content=\"article\" \/>\n<meta property=\"og:title\" content=\"Cloisons et partitions de bureau - Envatech\" \/>\n<meta property=\"og:description\" content=\"Dise\u00f1amos y producimos particiones para oficinas y espacios comerciales. Creemos en el dise\u00f1o, la tecnolog\u00eda y la innovaci\u00f3n.\" \/>\n<meta property=\"og:url\" content=\"https:\/\/envatech.net\/fr\/\" \/>\n<meta property=\"og:site_name\" content=\"Envatech\" \/>\n<meta property=\"article:modified_time\" content=\"2021-02-03T17:02:57+00:00\" \/>\n<meta name=\"twitter:card\" content=\"summary_large_image\" \/>\n<meta name=\"twitter:label1\" content=\"Dur\u00e9e de lecture estim\u00e9e\" \/>\n\t<meta name=\"twitter:data1\" content=\"3 minutes\" \/>\n<!-- \/ Yoast SEO plugin. -->","yoast_head_json":{"title":"Cloisons et partitions de bureau - Envatech","description":"Dise\u00f1amos y producimos particiones para oficinas y espacios comerciales. Creemos en el dise\u00f1o, la tecnolog\u00eda y la innovaci\u00f3n.","robots":{"index":"index","follow":"follow","max-snippet":"max-snippet:-1","max-image-preview":"max-image-preview:large","max-video-preview":"max-video-preview:-1"},"canonical":"https:\/\/envatech.net\/fr\/","og_locale":"fr_FR","og_type":"article","og_title":"Cloisons et partitions de bureau - Envatech","og_description":"Dise\u00f1amos y producimos particiones para oficinas y espacios comerciales. Creemos en el dise\u00f1o, la tecnolog\u00eda y la innovaci\u00f3n.","og_url":"https:\/\/envatech.net\/fr\/","og_site_name":"Envatech","article_modified_time":"2021-02-03T17:02:57+00:00","twitter_card":"summary_large_image","twitter_misc":{"Dur\u00e9e de lecture estim\u00e9e":"3 minutes"},"schema":{"@context":"https:\/\/schema.org","@graph":[{"@type":"WebPage","@id":"https:\/\/envatech.net\/fr\/","url":"https:\/\/envatech.net\/fr\/","name":"Cloisons et partitions de bureau - Envatech","isPartOf":{"@id":"https:\/\/envatech.net\/fr\/#website"},"datePublished":"2021-02-03T16:46:02+00:00","dateModified":"2021-02-03T17:02:57+00:00","description":"Dise\u00f1amos y producimos particiones para oficinas y espacios comerciales. Creemos en el dise\u00f1o, la tecnolog\u00eda y la innovaci\u00f3n.","breadcrumb":{"@id":"https:\/\/envatech.net\/fr\/#breadcrumb"},"inLanguage":"fr-FR","potentialAction":[{"@type":"ReadAction","target":["https:\/\/envatech.net\/fr\/"]}]},{"@type":"BreadcrumbList","@id":"https:\/\/envatech.net\/fr\/#breadcrumb","itemListElement":[{"@type":"ListItem","position":1,"name":"Portada","item":"https:\/\/envatech.net\/fr\/"},{"@type":"ListItem","position":2,"name":"Cloisons et partitions de bureau"}]},{"@type":"WebSite","@id":"https:\/\/envatech.net\/fr\/#website","url":"https:\/\/envatech.net\/fr\/","name":"Envatech","description":"Designt&amp;Technology","publisher":{"@id":"https:\/\/envatech.net\/fr\/#organization"},"potentialAction":[{"@type":"SearchAction","target":{"@type":"EntryPoint","urlTemplate":"https:\/\/envatech.net\/fr\/?s={search_term_string}"},"query-input":"required name=search_term_string"}],"inLanguage":"fr-FR"},{"@type":"Organization","@id":"https:\/\/envatech.net\/fr\/#organization","name":"Envatech","url":"https:\/\/envatech.net\/fr\/","logo":{"@type":"ImageObject","inLanguage":"fr-FR","@id":"https:\/\/envatech.net\/fr\/#\/schema\/logo\/image\/","url":"https:\/\/envatech.net\/wp-content\/uploads\/2020\/10\/logo-envatech-dark-hd.png","contentUrl":"https:\/\/envatech.net\/wp-content\/uploads\/2020\/10\/logo-envatech-dark-hd.png","width":800,"height":200,"caption":"Envatech"},"image":{"@id":"https:\/\/envatech.net\/fr\/#\/schema\/logo\/image\/"}}]}},"_links":{"self":[{"href":"https:\/\/envatech.net\/fr\/wp-json\/wp\/v2\/pages\/1893"}],"collection":[{"href":"https:\/\/envatech.net\/fr\/wp-json\/wp\/v2\/pages"}],"about":[{"href":"https:\/\/envatech.net\/fr\/wp-json\/wp\/v2\/types\/page"}],"author":[{"embeddable":true,"href":"https:\/\/envatech.net\/fr\/wp-json\/wp\/v2\/users\/2"}],"replies":[{"embeddable":true,"href":"https:\/\/envatech.net\/fr\/wp-json\/wp\/v2\/comments?post=1893"}],"version-history":[{"count":3,"href":"https:\/\/envatech.net\/fr\/wp-json\/wp\/v2\/pages\/1893\/revisions"}],"predecessor-version":[{"id":1896,"href":"https:\/\/envatech.net\/fr\/wp-json\/wp\/v2\/pages\/1893\/revisions\/1896"}],"wp:attachment":[{"href":"https:\/\/envatech.net\/fr\/wp-json\/wp\/v2\/media?parent=1893"}],"curies":[{"name":"wp","href":"https:\/\/api.w.org\/{rel}","templated":true}]}}