{"id":2923,"date":"2017-03-13T11:40:54","date_gmt":"2017-03-13T11:40:54","guid":{"rendered":"https:\/\/envatech.net\/contact\/"},"modified":"2017-03-13T11:40:54","modified_gmt":"2017-03-13T11:40:54","slug":"contact","status":"publish","type":"page","link":"https:\/\/envatech.net\/en\/contact\/","title":{"rendered":"Contact"},"content":{"rendered":"<div class=\"wpb-content-wrapper\"><p>[vc_row][vc_column][vc_column_text]<div class=\"text-left\"><div class=\"ui-subtitle-block-2 \">ENVATECH.NET<\/div><h2 class=\"ui-title-block-2 \"><span class=\"shuffle\">Contact<\/span><\/h2><div class=\"ui-decor-3 bg-primary\"><\/div><\/div>[\/vc_column_text][\/vc_column][\/vc_row][vc_row gap=&#8221;20&#8243; css=&#8221;.vc_custom_1489405669180{padding-top: 80px !important;padding-bottom: 40px !important;}&#8221;][vc_column width=&#8221;1\/2&#8243;][vc_column_text]<div class=\"text-left\"><h2 class=\"ui-title-block-3 \">Offices<\/h2><div class=\"ui-decor-1 bg-primary\"><\/div><\/div>[vc_column_text]Our offices are located in Sabadell, in the Eix Maci\u00e0 business district.[\/vc_column_text][\/vc_column][vc_column width=&#8221;1\/2&#8243;][vc_column_text]<div class=\"text-left\"><h2 class=\"ui-title-block-3 \">Showroom<\/h2><div class=\"ui-decor-1 bg-primary\"><\/div><\/div>[vc_column_text]Our Showroom is in Barcelona \u2013 come visit us and we will show you our partitions in full detail.[\/vc_column_text][\/vc_column][\/vc_row][vc_row css=&#8221;.vc_custom_1489405454140{padding-top: 80px !important;padding-bottom: 80px !important;}&#8221;][vc_column][vc_column_text]<div class=\"text-center\"><h2 class=\"ui-title-block-2 \">Write to us<\/h2><div class=\"ui-decor-1 bg-primary\"><\/div><\/div>[\/vc_column_text]<style id=\"wpforms-css-vars-2342\">\n\t\t\t\t#wpforms-2342 {\n\t\t\t\t\n\t\t\t}\n\t\t\t<\/style><div class=\"wpforms-container wpforms-container-full wpforms-render-modern\" id=\"wpforms-2342\"><form id=\"wpforms-form-2342\" class=\"wpforms-validate wpforms-form wpforms-ajax-form\" data-formid=\"2342\" method=\"post\" enctype=\"multipart\/form-data\" action=\"\/en\/wp-json\/wp\/v2\/pages\/2923\" data-token=\"da9d21eca1e23b0f7d44df346f2fefb0\" data-token-time=\"1777810212\"><noscript class=\"wpforms-error-noscript\">Please enable JavaScript in your browser to complete this form.<\/noscript><div id=\"wpforms-error-noscript\" style=\"display: none;\">Please enable JavaScript in your browser to complete this form.<\/div><div class=\"wpforms-field-container\"><div id=\"wpforms-2342-field_0-container\" class=\"wpforms-field wpforms-field-name\" data-field-id=\"0\"><fieldset><legend class=\"wpforms-field-label\">Name <span class=\"wpforms-required-label\" aria-hidden=\"true\">*<\/span><\/legend><div class=\"wpforms-field-row wpforms-field-medium\"><div class=\"wpforms-field-row-block wpforms-first wpforms-one-half\"><input type=\"text\" id=\"wpforms-2342-field_0\" class=\"wpforms-field-name-first wpforms-field-required\" name=\"wpforms[fields][0][first]\" aria-errormessage=\"wpforms-2342-field_0-error\" required><label for=\"wpforms-2342-field_0\" class=\"wpforms-field-sublabel after\">First<\/label><\/div><div class=\"wpforms-field-row-block wpforms-one-half\"><input type=\"text\" id=\"wpforms-2342-field_0-last\" class=\"wpforms-field-name-last wpforms-field-required\" name=\"wpforms[fields][0][last]\" aria-errormessage=\"wpforms-2342-field_0-last-error\" required><label for=\"wpforms-2342-field_0-last\" class=\"wpforms-field-sublabel after\">Last<\/label><\/div><\/div><\/fieldset><\/div><div id=\"wpforms-2342-field_1-container\" class=\"wpforms-field wpforms-field-email\" data-field-id=\"1\"><label class=\"wpforms-field-label\" for=\"wpforms-2342-field_1\">Mail <span class=\"wpforms-required-label\" aria-hidden=\"true\">*<\/span><\/label><input type=\"email\" id=\"wpforms-2342-field_1\" class=\"wpforms-field-medium wpforms-field-required\" name=\"wpforms[fields][1]\" spellcheck=\"false\" aria-errormessage=\"wpforms-2342-field_1-error\" required><\/div><div id=\"wpforms-2342-field_3-container\" class=\"wpforms-field wpforms-field-number\" data-field-id=\"3\"><label class=\"wpforms-field-label\" for=\"wpforms-2342-field_3\">Phone <span class=\"wpforms-required-label\" aria-hidden=\"true\">*<\/span><\/label><input type=\"number\" id=\"wpforms-2342-field_3\" class=\"wpforms-field-medium wpforms-field-required\" name=\"wpforms[fields][3]\" step=\"any\" aria-errormessage=\"wpforms-2342-field_3-error\" required><\/div><div id=\"wpforms-2342-field_2-container\" class=\"wpforms-field wpforms-field-textarea\" data-field-id=\"2\"><label class=\"wpforms-field-label\" for=\"wpforms-2342-field_2\">Comentario o mensaje<\/label><textarea id=\"wpforms-2342-field_2\" class=\"wpforms-field-medium\" name=\"wpforms[fields][2]\" aria-errormessage=\"wpforms-2342-field_2-error\" ><\/textarea><\/div><div id=\"wpforms-2342-field_4-container\" class=\"wpforms-field wpforms-field-checkbox wpforms-list-inline\" data-field-id=\"4\"><fieldset><legend class=\"wpforms-field-label wpforms-label-hide\" aria-hidden=\"false\">  <span class=\"wpforms-required-label\" aria-hidden=\"true\">*<\/span><\/legend><ul id=\"wpforms-2342-field_4\" class=\"wpforms-field-required\"><li class=\"choice-1 depth-1\"><input type=\"checkbox\" id=\"wpforms-2342-field_4_1\" name=\"wpforms[fields][4][]\" value=\"I have read and accept the &lt;a href=&quot;https:\/\/envatech.net\/politica-privacidad\/&quot;&gt;Privacy Policy&lt;\/a&gt;\" aria-errormessage=\"wpforms-2342-field_4_1-error\" required ><label class=\"wpforms-field-label-inline\" for=\"wpforms-2342-field_4_1\">I have read and accept the <a href=\"https:\/\/envatech.net\/politica-privacidad\/\">Privacy Policy<\/a><\/label><\/li><\/ul><\/fieldset><\/div><\/div><!-- .wpforms-field-container --><div class=\"wpforms-submit-container\" ><input type=\"hidden\" name=\"wpforms[id]\" value=\"2342\"><input type=\"hidden\" name=\"page_title\" value=\"\"><input type=\"hidden\" name=\"page_url\" value=\"https:\/\/envatech.net\/en\/wp-json\/wp\/v2\/pages\/2923\"><input type=\"hidden\" name=\"url_referer\" value=\"\"><button type=\"submit\" name=\"wpforms[submit]\" id=\"wpforms-submit-2342\" class=\"wpforms-submit\" data-alt-text=\"Sending...\" data-submit-text=\"Send\" aria-live=\"assertive\" value=\"wpforms-submit\">Send<\/button><img loading=\"lazy\" decoding=\"async\" src=\"https:\/\/envatech.net\/wp-content\/plugins\/wpforms-lite\/assets\/images\/submit-spin.svg\" class=\"wpforms-submit-spinner\" style=\"display: none;\" width=\"26\" height=\"26\" alt=\"Loading\"><\/div><\/form><\/div>  <!-- .wpforms-container -->[\/vc_column][\/vc_row][vc_row full_width=&#8221;stretch_row_content_no_spaces&#8221;][vc_column]<div class=\"sbvcgmap-map-wrapper\" style=\"width:100%;height:678px\"><div class=\"sbvcgmap-map\" zoom=\"14\" maptype=\"ROADMAP\" panoramatogglebutton=\"no\" pancontrol=\"no\" pancontrol_position=\"TOP_LEFT\" zoomcontrol=\"yes\" zoomcontrol_position=\"TOP_RIGHT\" zoomcontrolstyle=\"DEFAULT\" maptypecontrol=\"yes\" maptypecontrol_position=\"TOP_LEFT\" streetviewcontrol=\"yes\" streetviewcontrol_position=\"TOP_RIGHT\" overviewmapcontrol=\"no\" overviewmapcontrolvisible=\"no\" maptypecontrolstyle=\"DEFAULT\" mapstyle=\"style-32\" weather=\"no\" traffic=\"no\" transit=\"no\" bicycle=\"no\" panoramio=\"no\" draggable=\"yes\" scrollwheel=\"no\" cplatitude=\"\" cplongitude=\"\" scalecontrol=\"yes\" searchtype=\"disabled\" searchradius=\"500\" searchiconanimation=\"NONE\" searchdirectiontext=\"\" reloadonresize=\"no\" clustering=\"no\" style=\"width:100%;height:678px\"><div class=\"sbvcgmap-marker\" data-lat=\"41.558891\" data-lng=\"2.097474\" infowindow=\"no\" icon=\"\" animation=\"DROP\" customstyles=\"no\" ><br \/><a target=\"_blank\" href=\"https:\/\/maps.google.com\/?daddr=41.558891,2.097474\">Envatech<\/a><\/div><\/div><\/div>[\/vc_column][\/vc_row]<\/p>\n<\/div>","protected":false},"excerpt":{"rendered":"<p>[vc_row][vc_column][vc_column_text][\/vc_column_text][\/vc_column][\/vc_row][vc_row gap=&#8221;20&#8243; css=&#8221;.vc_custom_1489405669180{padding-top: 80px !important;padding-bottom: 40px !important;}&#8221;][vc_column width=&#8221;1\/2&#8243;][vc_column_text][vc_column_text]Our offices are located in Sabadell, in the Eix Maci\u00e0 business district.[\/vc_column_text][\/vc_column][vc_column width=&#8221;1\/2&#8243;][vc_column_text][vc_column_text]Our Showroom is in Barcelona \u2013 come visit us and we will show you our partitions in full detail.[\/vc_column_text][\/vc_column][\/vc_row][vc_row css=&#8221;.vc_custom_1489405454140{padding-top: 80px !important;padding-bottom: 80px !important;}&#8221;][vc_column][vc_column_text][\/vc_column_text][\/vc_column][\/vc_row][vc_row full_width=&#8221;stretch_row_content_no_spaces&#8221;][vc_column][\/vc_column][\/vc_row]<\/p>\n","protected":false},"author":2,"featured_media":0,"parent":0,"menu_order":0,"comment_status":"closed","ping_status":"closed","template":"","meta":{"footnotes":""},"class_list":["post-2923","page","type-page","status-publish","hentry"],"yoast_head":"<!-- This site is optimized with the Yoast SEO plugin v27.4 - https:\/\/yoast.com\/product\/yoast-seo-wordpress\/ -->\n<title>Contact - Envatech<\/title>\n<meta name=\"description\" content=\"Dise\u00f1amos y producimos particiones para oficinas y espacios comerciales. Creemos en el dise\u00f1o, la tecnolog\u00eda y la innovaci\u00f3n.\" \/>\n<meta name=\"robots\" content=\"index, follow, max-snippet:-1, max-image-preview:large, max-video-preview:-1\" \/>\n<link rel=\"canonical\" href=\"https:\/\/envatech.net\/en\/contact\/\" \/>\n<meta property=\"og:locale\" content=\"en_US\" \/>\n<meta property=\"og:type\" content=\"article\" \/>\n<meta property=\"og:title\" content=\"Contact - Envatech\" \/>\n<meta property=\"og:description\" content=\"Dise\u00f1amos y producimos particiones para oficinas y espacios comerciales. Creemos en el dise\u00f1o, la tecnolog\u00eda y la innovaci\u00f3n.\" \/>\n<meta property=\"og:url\" content=\"https:\/\/envatech.net\/en\/contact\/\" \/>\n<meta property=\"og:site_name\" content=\"Envatech\" \/>\n<meta name=\"twitter:card\" content=\"summary_large_image\" \/>\n<meta name=\"twitter:label1\" content=\"Est. reading time\" \/>\n\t<meta name=\"twitter:data1\" content=\"1 minute\" \/>\n<!-- \/ Yoast SEO plugin. -->","yoast_head_json":{"title":"Contact - Envatech","description":"Dise\u00f1amos y producimos particiones para oficinas y espacios comerciales. Creemos en el dise\u00f1o, la tecnolog\u00eda y la innovaci\u00f3n.","robots":{"index":"index","follow":"follow","max-snippet":"max-snippet:-1","max-image-preview":"max-image-preview:large","max-video-preview":"max-video-preview:-1"},"canonical":"https:\/\/envatech.net\/en\/contact\/","og_locale":"en_US","og_type":"article","og_title":"Contact - Envatech","og_description":"Dise\u00f1amos y producimos particiones para oficinas y espacios comerciales. Creemos en el dise\u00f1o, la tecnolog\u00eda y la innovaci\u00f3n.","og_url":"https:\/\/envatech.net\/en\/contact\/","og_site_name":"Envatech","twitter_card":"summary_large_image","twitter_misc":{"Est. reading time":"1 minute"},"schema":{"@context":"https:\/\/schema.org","@graph":[{"@type":"WebPage","@id":"https:\/\/envatech.net\/en\/contact\/","url":"https:\/\/envatech.net\/en\/contact\/","name":"Contact - Envatech","isPartOf":{"@id":"https:\/\/envatech.net\/en\/#website"},"datePublished":"2017-03-13T11:40:54+00:00","description":"Dise\u00f1amos y producimos particiones para oficinas y espacios comerciales. Creemos en el dise\u00f1o, la tecnolog\u00eda y la innovaci\u00f3n.","breadcrumb":{"@id":"https:\/\/envatech.net\/en\/contact\/#breadcrumb"},"inLanguage":"en-US","potentialAction":[{"@type":"ReadAction","target":["https:\/\/envatech.net\/en\/contact\/"]}]},{"@type":"BreadcrumbList","@id":"https:\/\/envatech.net\/en\/contact\/#breadcrumb","itemListElement":[{"@type":"ListItem","position":1,"name":"Portada","item":"https:\/\/envatech.net\/en\/"},{"@type":"ListItem","position":2,"name":"Contact"}]},{"@type":"WebSite","@id":"https:\/\/envatech.net\/en\/#website","url":"https:\/\/envatech.net\/en\/","name":"Envatech","description":"Designt&amp;Technology","publisher":{"@id":"https:\/\/envatech.net\/en\/#organization"},"potentialAction":[{"@type":"SearchAction","target":{"@type":"EntryPoint","urlTemplate":"https:\/\/envatech.net\/en\/?s={search_term_string}"},"query-input":{"@type":"PropertyValueSpecification","valueRequired":true,"valueName":"search_term_string"}}],"inLanguage":"en-US"},{"@type":"Organization","@id":"https:\/\/envatech.net\/en\/#organization","name":"Envatech","url":"https:\/\/envatech.net\/en\/","logo":{"@type":"ImageObject","inLanguage":"en-US","@id":"https:\/\/envatech.net\/en\/#\/schema\/logo\/image\/","url":"https:\/\/envatech.net\/wp-content\/uploads\/2020\/10\/logo-envatech-dark-hd.png","contentUrl":"https:\/\/envatech.net\/wp-content\/uploads\/2020\/10\/logo-envatech-dark-hd.png","width":800,"height":200,"caption":"Envatech"},"image":{"@id":"https:\/\/envatech.net\/en\/#\/schema\/logo\/image\/"}}]}},"_links":{"self":[{"href":"https:\/\/envatech.net\/en\/wp-json\/wp\/v2\/pages\/2923","targetHints":{"allow":["GET"]}}],"collection":[{"href":"https:\/\/envatech.net\/en\/wp-json\/wp\/v2\/pages"}],"about":[{"href":"https:\/\/envatech.net\/en\/wp-json\/wp\/v2\/types\/page"}],"author":[{"embeddable":true,"href":"https:\/\/envatech.net\/en\/wp-json\/wp\/v2\/users\/2"}],"replies":[{"embeddable":true,"href":"https:\/\/envatech.net\/en\/wp-json\/wp\/v2\/comments?post=2923"}],"version-history":[{"count":0,"href":"https:\/\/envatech.net\/en\/wp-json\/wp\/v2\/pages\/2923\/revisions"}],"wp:attachment":[{"href":"https:\/\/envatech.net\/en\/wp-json\/wp\/v2\/media?parent=2923"}],"curies":[{"name":"wp","href":"https:\/\/api.w.org\/{rel}","templated":true}]}}